{"id":101,"date":"2016-08-30T19:49:56","date_gmt":"2016-08-30T19:49:56","guid":{"rendered":"http:\/\/ip-ka.de\/?page_id=101"},"modified":"2019-05-14T11:56:23","modified_gmt":"2019-05-14T11:56:23","slug":"impressum","status":"publish","type":"page","link":"https:\/\/ip-ka.de\/?page_id=101","title":{"rendered":"Impressum und Datenschutz"},"content":{"rendered":"<p>F\u00fcr den Inhalt dieser Seiten verantwortlich:<\/p>\n<p><strong>Patentanwalt Dr.-Ing. Dipl.-Wi.-Ing. Johannes Schmid<\/strong><br \/>\nM\u00e4rchenring 1, DE-76199 Karlsruhe<br \/>\nUst-IdNr. DE 301 445 102<\/p>\n<p>Besucher:<br \/>\nDurm Patentanw\u00e4lte<br \/>\nMoltkestr. 45, DE-76133 Karlsruhe<br \/>\nTelefon: +49-(0)-721-830130<br \/>\nTelefax: +49-(0)-721-8301313<br \/>\nEmail: schmid@durm.de, Internet: <a href=\"http:\/\/www.durm.de\/\">www.durm.de<\/a><\/p>\n<p>Johannes Schmid ist Deutscher Patentanwalt, zugelassener Vertreter vor dem EPA &#8211; Europ\u00e4isches Patentamt (European Patent Attorney) und zugelassener Vertreter vor dem AEUGE &#8211; Amt der Europ\u00e4ischen Union f\u00fcr das Geistige Eigentum (European Trademark and Design Attorney) sowie Mitglied der Deutschen Patentanwaltskammer (<a href=\"http:\/\/www.patentanwalt.de\">www.patentanwalt.de<\/a>), Tal 29, 80331 M\u00fcnchen und der internationalen F\u00f6deration von Patentanw\u00e4lten (FICPI &#8211; <a href=\"http:\/\/www.ficpi.org\">www.ficpi.org<\/a>).<\/p>\n<p>Ma\u00dfgeblich f\u00fcr die Berufsaus\u00fcbung sind die Patentanwaltsordnung und die Berufsordnung der Patentanw\u00e4lte sowie die Standesregeln der FICPI.<\/p>\n<p>\u00dcber die Patentanwaltskanzlei Durm Patentanw\u00e4lte besteht eine Berufshaftpflichtversicherung mit einer Versicherungssumme von EUR 5.000.000 bei der R+V Allgemeine Versicherung AG, Taunusstra\u00dfe 1, 65193 Wiesbaden<\/p>\n<p><strong>Datenschutzerkl\u00e4rung<\/strong><\/p>\n<p>Beim Besuch der Internetseite <a href=\"http:\/\/www.ip-ka.de\">www.ip-ka.de<\/a> werden durch den zugreifenden Browser Daten \u00fcbertragen, insbesondere eine IP-Adresse, die angefragten Seiten und Uhrzeiten und der verwendete Browsertyp (sog. Server Logfiles). Diese Daten werden anonymisiert gespeichert. Diese Daten sind erforderlich, um die Internetseite richtig darzustellen und einen sicheren Betrieb zu gew\u00e4hrleisten.<\/p>\n<p>Sie k\u00f6nnen jederzeit Ihre Anspr\u00fcche auf Berichtigung, L\u00f6schung oder Einschr\u00e4nkung der Verarbeitung Ihrer Daten geltend machen. Bitte kontaktieren Sie uns hierzu unter den oben angegebenen Kontaktm\u00f6glichkeiten. Selbstverst\u00e4ndlich haben Sie das Recht, sich bei Beschwerden an die zust\u00e4ndige Datenschutz-Aufsichtsbeh\u00f6rde zu wenden.<\/p>","protected":false},"excerpt":{"rendered":"<p>F\u00fcr den Inhalt dieser Seiten verantwortlich: Patentanwalt Dr.-Ing. Dipl.-Wi.-Ing. Johannes Schmid M\u00e4rchenring 1, DE-76199 Karlsruhe Ust-IdNr. DE 301 445 102 Besucher: Durm Patentanw\u00e4lte Moltkestr. 45, DE-76133 Karlsruhe Telefon: +49-(0)-721-830130 Telefax: &#8230;<\/p>\n","protected":false},"author":1,"featured_media":0,"parent":0,"menu_order":0,"comment_status":"closed","ping_status":"closed","template":"template-fullwidth.php","meta":[],"_links":{"self":[{"href":"https:\/\/ip-ka.de\/index.php?rest_route=\/wp\/v2\/pages\/101"}],"collection":[{"href":"https:\/\/ip-ka.de\/index.php?rest_route=\/wp\/v2\/pages"}],"about":[{"href":"https:\/\/ip-ka.de\/index.php?rest_route=\/wp\/v2\/types\/page"}],"author":[{"embeddable":true,"href":"https:\/\/ip-ka.de\/index.php?rest_route=\/wp\/v2\/users\/1"}],"replies":[{"embeddable":true,"href":"https:\/\/ip-ka.de\/index.php?rest_route=%2Fwp%2Fv2%2Fcomments&post=101"}],"version-history":[{"count":36,"href":"https:\/\/ip-ka.de\/index.php?rest_route=\/wp\/v2\/pages\/101\/revisions"}],"predecessor-version":[{"id":327,"href":"https:\/\/ip-ka.de\/index.php?rest_route=\/wp\/v2\/pages\/101\/revisions\/327"}],"wp:attachment":[{"href":"https:\/\/ip-ka.de\/index.php?rest_route=%2Fwp%2Fv2%2Fmedia&parent=101"}],"curies":[{"name":"wp","href":"https:\/\/api.w.org\/{rel}","templated":true}]}}