{"id":140,"date":"2016-09-06T19:52:10","date_gmt":"2016-09-06T19:52:10","guid":{"rendered":"http:\/\/ip-ka.de\/?page_id=140"},"modified":"2019-03-13T14:33:36","modified_gmt":"2019-03-13T14:33:36","slug":"verletzungen","status":"publish","type":"page","link":"https:\/\/ip-ka.de\/?page_id=140","title":{"rendered":"Leistungen"},"content":{"rendered":"<p><\/p>\n<h4>Gewerbliche Schutzrechte<\/h4>\n<p>Patente, Gebrauchsmuster, Marken und Designs sch\u00fctzen Ihr geistiges Eigentum und Ihre Investitionen. Insbesondere angemeldete beziehungsweise eingetragene Schutzrechte bieten einen verl\u00e4sslichen Schutz.<\/p>\n<ul>\n<li>Erarbeiten einer Anmelde- und Schutzrechtsstrategie<\/li>\n<li>Erstellen von Anmeldeunterlagen<\/li>\n<li>Korrespondenz mit Patent\u00e4mtern sowie mit Kollegen im Ausland<\/li>\n<li>Vertretung gegen\u00fcber den Patentbeh\u00f6rden und F\u00fchren von Pr\u00fcfungsverfahren<\/li>\n<\/ul>\n<h4>Schutzrechtsverletzungen<\/h4>\n<p>Wenn Rechte gegen einen Mitbewerber geltend gemacht werden m\u00fcssen, gilt es unter Abw\u00e4gung der eigenen Interessen eine optimale Strategie zu finden. Im Falle eines drohenden Angriffs aus einem Schutzrecht oder wenn ein Schutzrecht der eigenen Entwicklung im Wege steht, ist ein ad\u00e4quates Vorgehen erforderlich.<\/p>\n<ul>\n<li>\u00dcberwachungen von Patentpublikationen von Mitbewerbern<\/li>\n<li>Gutachten zu Verletzungen und Umgehungsl\u00f6sungen<\/li>\n<li>Abgrenzungsvereinbarungen<\/li>\n<li>Vertretung vor Patentamt und Patentgericht<\/li>\n<\/ul>\n<h4>Schutzrechtsbewertung und Lizenzen<\/h4>\n<p>Bei IP-Transaktionen, Lizenzierungen oder im Falle des Verkaufs einer Firma kommt es auf die sachgerechte Bewertung von Schutzrechten an.<\/p>\n<ul>\n<li>Bewertung von Schutzrechten<\/li>\n<li>Lizenzvertr\u00e4ge<\/li>\n<li>Mitarbeit bei Due Diligence Pr\u00fcfungen und bei der Ausarbeitung geeigneter Vermarktungsstrategien in Kooperation mit Partnern<\/li>\n<\/ul>\n<h4>Arbeitnehmererfinderrecht<\/h4>\n<p>Erfindungen von Arbeitnehmern unterliegen in Deutschland dem Arbeitnehmererfinderrecht. Insbesondere sind eine Melde- sowie eine Verg\u00fctungspflicht geregelt. Eine Missachtung dieser Vorschriften kann zu unklaren und problematischen Situationen f\u00fchren.<\/p>\n<ul>\n<li>Erarbeiten von Vorgangsdefinitionen<\/li>\n<li>Seminare f\u00fcr Gesch\u00e4ftsf\u00fchrung und Mitarbeiter<\/li>\n<li>Berechnung einer angemessenen Verg\u00fctung<\/li>\n<li>Vermittlung im Streitfall<\/li>\n<li>Vertretung vor der Schiedsstelle am Deutschen Patent- und Markenamt<\/li>\n<\/ul>\n<p><\/p>","protected":false},"excerpt":{"rendered":"<p>Gewerbliche Schutzrechte Patente, Gebrauchsmuster, Marken und Designs sch\u00fctzen Ihr geistiges Eigentum und Ihre Investitionen. Insbesondere angemeldete beziehungsweise eingetragene Schutzrechte bieten einen verl\u00e4sslichen Schutz. Erarbeiten einer Anmelde- und Schutzrechtsstrategie Erstellen von &#8230;<\/p>\n","protected":false},"author":1,"featured_media":0,"parent":0,"menu_order":0,"comment_status":"closed","ping_status":"closed","template":"template-fullwidth.php","meta":[],"_links":{"self":[{"href":"https:\/\/ip-ka.de\/index.php?rest_route=\/wp\/v2\/pages\/140"}],"collection":[{"href":"https:\/\/ip-ka.de\/index.php?rest_route=\/wp\/v2\/pages"}],"about":[{"href":"https:\/\/ip-ka.de\/index.php?rest_route=\/wp\/v2\/types\/page"}],"author":[{"embeddable":true,"href":"https:\/\/ip-ka.de\/index.php?rest_route=\/wp\/v2\/users\/1"}],"replies":[{"embeddable":true,"href":"https:\/\/ip-ka.de\/index.php?rest_route=%2Fwp%2Fv2%2Fcomments&post=140"}],"version-history":[{"count":16,"href":"https:\/\/ip-ka.de\/index.php?rest_route=\/wp\/v2\/pages\/140\/revisions"}],"predecessor-version":[{"id":274,"href":"https:\/\/ip-ka.de\/index.php?rest_route=\/wp\/v2\/pages\/140\/revisions\/274"}],"wp:attachment":[{"href":"https:\/\/ip-ka.de\/index.php?rest_route=%2Fwp%2Fv2%2Fmedia&parent=140"}],"curies":[{"name":"wp","href":"https:\/\/api.w.org\/{rel}","templated":true}]}}